{"id":7246,"date":"2019-11-19T12:04:15","date_gmt":"2019-11-19T11:04:15","guid":{"rendered":"https:\/\/www.kaminholz-wellinghof.de\/wp\/?page_id=7246"},"modified":"2021-07-26T16:35:28","modified_gmt":"2021-07-26T14:35:28","slug":"produkte","status":"publish","type":"page","link":"https:\/\/www.kaminholz-wellinghof.de\/wp\/produkte\/","title":{"rendered":"Produkte"},"content":{"rendered":"<section class=\"l-section wpb_row height_medium color_alternate\"><div class=\"l-section-h i-cf\"><div class=\"g-cols vc_row via_flex valign_top type_default stacking_default\"><div class=\"vc_col-sm-3 wpb_column vc_column_container\"><div class=\"vc_column-inner\"><div class=\"wpb_wrapper\"><div class=\"w-slider style_none fit_scaledown nav_none count_1\"><div class=\"w-slider-h\"><div class=\"royalSlider\"><div class=\"rsContent\"><a class=\"rsImg\" data-rsw=\"300\" data-rsh=\"225\" data-rsBigImg=\"https:\/\/www.kaminholz-wellinghof.de\/wp\/wp-content\/uploads\/2019\/11\/KW-Kaminholz_Hof.jpg\" ref=\"magnificPopup\" href=\"https:\/\/www.kaminholz-wellinghof.de\/wp\/wp-content\/uploads\/2019\/11\/KW-Kaminholz_Hof-300x225.jpg\"><span data-alt=\"\"><\/span><\/a><\/div><\/div><img decoding=\"async\" src=\"https:\/\/www.kaminholz-wellinghof.de\/wp\/wp-content\/uploads\/2019\/11\/KW-Kaminholz_Hof-300x225.jpg\" width=\"300\" height=\"225\" alt loading=\"lazy\"><\/div><div class=\"w-slider-json\" onclick='return {&quot;autoScaleSlider&quot;:true,&quot;addActiveClass&quot;:true,&quot;loop&quot;:true,&quot;fadeInLoadedSlide&quot;:false,&quot;slidesSpacing&quot;:0,&quot;imageScalePadding&quot;:0,&quot;numImagesToPreload&quot;:2,&quot;arrowsNav&quot;:true,&quot;arrowsNavAutoHide&quot;:true,&quot;transitionType&quot;:&quot;move&quot;,&quot;transitionSpeed&quot;:250,&quot;block&quot;:{&quot;moveEffect&quot;:&quot;none&quot;,&quot;speed&quot;:300},&quot;thumbs&quot;:{&quot;fitInViewport&quot;:false,&quot;firstMargin&quot;:false,&quot;spacing&quot;:4},&quot;controlNavigation&quot;:&quot;none&quot;,&quot;autoplay&quot;:{&quot;enabled&quot;:true,&quot;pauseOnHover&quot;:true,&quot;delay&quot;:3000},&quot;fullscreen&quot;:{&quot;enabled&quot;:true},&quot;autoScaleSliderWidth&quot;:300,&quot;autoScaleSliderHeight&quot;:225}'><\/div><\/div><\/div><\/div><\/div><div class=\"vc_col-sm-9 wpb_column vc_column_container\"><div class=\"vc_column-inner\"><div class=\"wpb_wrapper\"><div class=\"wpb_text_column\"><div class=\"wpb_wrapper\"><\/p>\n<h5>Kaminholz<\/h5>\n<p style=\"text-align: left;\">Buche, Eiche und Birke<\/p>\n<p style=\"text-align: left;\"><a href=\"https:\/\/www.kaminholz-wellinghof.de\/wp\/kaminholz\/\">Hier klicken f\u00fcr mehr Infos<\/a><\/p>\n<p>\n<\/div><\/div><\/div><\/div><\/div><\/div><\/div><\/section><section class=\"l-section wpb_row height_medium\"><div class=\"l-section-h i-cf\"><div class=\"g-cols vc_row via_flex valign_top type_default stacking_default\"><div class=\"vc_col-sm-3 wpb_column vc_column_container\"><div class=\"vc_column-inner\"><div class=\"wpb_wrapper\"><div class=\"w-slider style_none fit_scaledown nav_none count_1\"><div class=\"w-slider-h\"><div class=\"royalSlider\"><div class=\"rsContent\"><a class=\"rsImg\" data-rsw=\"300\" data-rsh=\"225\" data-rsBigImg=\"https:\/\/www.kaminholz-wellinghof.de\/wp\/wp-content\/uploads\/2019\/11\/KW-AnmachholzBuche.jpg\" ref=\"magnificPopup\" href=\"https:\/\/www.kaminholz-wellinghof.de\/wp\/wp-content\/uploads\/2019\/11\/KW-AnmachholzBuche-300x225.jpg\"><span data-alt=\"\"><\/span><\/a><\/div><\/div><img decoding=\"async\" src=\"https:\/\/www.kaminholz-wellinghof.de\/wp\/wp-content\/uploads\/2019\/11\/KW-AnmachholzBuche-300x225.jpg\" width=\"300\" height=\"225\" alt loading=\"lazy\"><\/div><div class=\"w-slider-json\" onclick='return {&quot;autoScaleSlider&quot;:true,&quot;addActiveClass&quot;:true,&quot;loop&quot;:true,&quot;fadeInLoadedSlide&quot;:false,&quot;slidesSpacing&quot;:0,&quot;imageScalePadding&quot;:0,&quot;numImagesToPreload&quot;:2,&quot;arrowsNav&quot;:true,&quot;arrowsNavAutoHide&quot;:true,&quot;transitionType&quot;:&quot;move&quot;,&quot;transitionSpeed&quot;:250,&quot;block&quot;:{&quot;moveEffect&quot;:&quot;none&quot;,&quot;speed&quot;:300},&quot;thumbs&quot;:{&quot;fitInViewport&quot;:false,&quot;firstMargin&quot;:false,&quot;spacing&quot;:4},&quot;controlNavigation&quot;:&quot;none&quot;,&quot;autoplay&quot;:{&quot;enabled&quot;:true,&quot;pauseOnHover&quot;:true,&quot;delay&quot;:3000},&quot;fullscreen&quot;:{&quot;enabled&quot;:true},&quot;autoScaleSliderWidth&quot;:300,&quot;autoScaleSliderHeight&quot;:225}'><\/div><\/div><\/div><\/div><\/div><div class=\"vc_col-sm-9 wpb_column vc_column_container\"><div class=\"vc_column-inner\"><div class=\"wpb_wrapper\"><div class=\"wpb_text_column\"><div class=\"wpb_wrapper\"><\/p>\n<h5>Anmachholz<\/h5>\n<p style=\"text-align: left;\" align=\"left\">Wir verpacken die\u00a0 anfallenden Sprei\u00dfel in 60l S\u00e4cke (feines Anmachholz).<br \/>\nZus\u00e4tzlich f\u00fcllen wir etwa fingerdicke, ca. 30cm lange H\u00f6lzer in S\u00e4cke (grobes Anmachholz).<\/p>\n<p>\n<\/div><\/div><\/div><\/div><\/div><\/div><\/div><\/section><section class=\"l-section wpb_row height_medium color_alternate\"><div class=\"l-section-h i-cf\"><div class=\"g-cols vc_row via_flex valign_top type_default stacking_default\"><div class=\"vc_col-sm-3 wpb_column vc_column_container\"><div class=\"vc_column-inner\"><div class=\"wpb_wrapper\"><div class=\"w-slider style_none fit_scaledown nav_none count_1\"><div class=\"w-slider-h\"><div class=\"royalSlider\"><div class=\"rsContent\"><a class=\"rsImg\" data-rsw=\"300\" data-rsh=\"200\" data-rsBigImg=\"https:\/\/www.kaminholz-wellinghof.de\/wp\/wp-content\/uploads\/2020\/01\/hackkloetze.jpg\" ref=\"magnificPopup\" href=\"https:\/\/www.kaminholz-wellinghof.de\/wp\/wp-content\/uploads\/2020\/01\/hackkloetze-300x200.jpg\"><span data-alt=\"\"><\/span><\/a><\/div><\/div><img decoding=\"async\" src=\"https:\/\/www.kaminholz-wellinghof.de\/wp\/wp-content\/uploads\/2020\/01\/hackkloetze-300x200.jpg\" width=\"300\" height=\"200\" alt loading=\"lazy\"><\/div><div class=\"w-slider-json\" onclick='return {&quot;autoScaleSlider&quot;:true,&quot;addActiveClass&quot;:true,&quot;loop&quot;:true,&quot;fadeInLoadedSlide&quot;:false,&quot;slidesSpacing&quot;:0,&quot;imageScalePadding&quot;:0,&quot;numImagesToPreload&quot;:2,&quot;arrowsNav&quot;:true,&quot;arrowsNavAutoHide&quot;:true,&quot;transitionType&quot;:&quot;move&quot;,&quot;transitionSpeed&quot;:250,&quot;block&quot;:{&quot;moveEffect&quot;:&quot;none&quot;,&quot;speed&quot;:300},&quot;thumbs&quot;:{&quot;fitInViewport&quot;:false,&quot;firstMargin&quot;:false,&quot;spacing&quot;:4},&quot;controlNavigation&quot;:&quot;none&quot;,&quot;autoplay&quot;:{&quot;enabled&quot;:true,&quot;pauseOnHover&quot;:true,&quot;delay&quot;:3000},&quot;fullscreen&quot;:{&quot;enabled&quot;:true},&quot;autoScaleSliderWidth&quot;:300,&quot;autoScaleSliderHeight&quot;:200}'><\/div><\/div><\/div><\/div><\/div><div class=\"vc_col-sm-9 wpb_column vc_column_container\"><div class=\"vc_column-inner\"><div class=\"wpb_wrapper\"><div class=\"wpb_text_column\"><div class=\"wpb_wrapper\"><\/p>\n<h5>Hackkl\u00f6tze<\/h5>\n<p>\n<\/div><\/div><\/div><\/div><\/div><\/div><\/div><\/section><section class=\"l-section wpb_row height_medium\"><div class=\"l-section-h i-cf\"><div class=\"g-cols vc_row via_flex valign_top type_default stacking_default\"><div class=\"vc_col-sm-3 wpb_column vc_column_container\"><div class=\"vc_column-inner\"><div class=\"wpb_wrapper\"><div class=\"w-slider style_none fit_scaledown nav_none count_2\"><div class=\"w-slider-h\"><div class=\"royalSlider\"><div class=\"rsContent\"><a class=\"rsImg\" data-rsw=\"300\" data-rsh=\"225\" data-rsBigImg=\"https:\/\/www.kaminholz-wellinghof.de\/wp\/wp-content\/uploads\/2019\/11\/KW-SchwedenFackeln.jpg\" ref=\"magnificPopup\" href=\"https:\/\/www.kaminholz-wellinghof.de\/wp\/wp-content\/uploads\/2019\/11\/KW-SchwedenFackeln-300x225.jpg\"><span data-alt=\"\"><\/span><\/a><\/div><div class=\"rsContent\"><a class=\"rsImg\" data-rsw=\"300\" data-rsh=\"225\" data-rsBigImg=\"https:\/\/www.kaminholz-wellinghof.de\/wp\/wp-content\/uploads\/2020\/01\/schwedenfackel_brennt2.jpg\" ref=\"magnificPopup\" href=\"https:\/\/www.kaminholz-wellinghof.de\/wp\/wp-content\/uploads\/2020\/01\/schwedenfackel_brennt2-300x225.jpg\"><span data-alt=\"\"><\/span><\/a><\/div><\/div><img decoding=\"async\" src=\"https:\/\/www.kaminholz-wellinghof.de\/wp\/wp-content\/uploads\/2019\/11\/KW-SchwedenFackeln-300x225.jpg\" width=\"300\" height=\"225\" alt loading=\"lazy\"><\/div><div class=\"w-slider-json\" onclick='return {&quot;autoScaleSlider&quot;:true,&quot;addActiveClass&quot;:true,&quot;loop&quot;:true,&quot;fadeInLoadedSlide&quot;:false,&quot;slidesSpacing&quot;:0,&quot;imageScalePadding&quot;:0,&quot;numImagesToPreload&quot;:2,&quot;arrowsNav&quot;:true,&quot;arrowsNavAutoHide&quot;:true,&quot;transitionType&quot;:&quot;move&quot;,&quot;transitionSpeed&quot;:250,&quot;block&quot;:{&quot;moveEffect&quot;:&quot;none&quot;,&quot;speed&quot;:300},&quot;thumbs&quot;:{&quot;fitInViewport&quot;:false,&quot;firstMargin&quot;:false,&quot;spacing&quot;:4},&quot;controlNavigation&quot;:&quot;none&quot;,&quot;autoplay&quot;:{&quot;enabled&quot;:true,&quot;pauseOnHover&quot;:true,&quot;delay&quot;:3000},&quot;fullscreen&quot;:{&quot;enabled&quot;:true},&quot;autoScaleSliderWidth&quot;:300,&quot;autoScaleSliderHeight&quot;:225}'><\/div><\/div><\/div><\/div><\/div><div class=\"vc_col-sm-9 wpb_column vc_column_container\"><div class=\"vc_column-inner\"><div class=\"wpb_wrapper\"><div class=\"wpb_text_column\"><div class=\"wpb_wrapper\"><\/p>\n<h5>Schwedenfackeln<\/h5>\n<p style=\"text-align: left;\" align=\"left\">Eine Besonderheit f\u00fcr Ihre Gartenparty sind unsere Schwedenfackeln mit einer Brenndauer von ca. 3-6 Stunden, lieferbar in unterschiedlichen Gr\u00f6\u00dfen.<br \/>\nSie sind ideal zum W\u00e4rmen und Anschauen und verleihen Ihrer Feier ein Flair von Lagerfeuerromantik.<\/p>\n<p>\n<\/div><\/div><\/div><\/div><\/div><\/div><\/div><\/section><section class=\"l-section wpb_row height_medium color_alternate\"><div class=\"l-section-h i-cf\"><div class=\"g-cols vc_row via_flex valign_top type_default stacking_default\"><div class=\"vc_col-sm-3 wpb_column vc_column_container\"><div class=\"vc_column-inner\"><div class=\"wpb_wrapper\"><div class=\"w-slider style_none fit_scaledown nav_none count_1\"><div class=\"w-slider-h\"><div class=\"royalSlider\"><div class=\"rsContent\"><a class=\"rsImg\" data-rsw=\"300\" data-rsh=\"225\" data-rsBigImg=\"https:\/\/www.kaminholz-wellinghof.de\/wp\/wp-content\/uploads\/2019\/11\/KW-RindenmulchFeinBeet.jpg\" ref=\"magnificPopup\" href=\"https:\/\/www.kaminholz-wellinghof.de\/wp\/wp-content\/uploads\/2019\/11\/KW-RindenmulchFeinBeet-300x225.jpg\"><span data-alt=\"\"><\/span><\/a><\/div><\/div><img decoding=\"async\" src=\"https:\/\/www.kaminholz-wellinghof.de\/wp\/wp-content\/uploads\/2019\/11\/KW-RindenmulchFeinBeet-300x225.jpg\" width=\"300\" height=\"225\" alt loading=\"lazy\"><\/div><div class=\"w-slider-json\" onclick='return {&quot;autoScaleSlider&quot;:true,&quot;addActiveClass&quot;:true,&quot;loop&quot;:true,&quot;fadeInLoadedSlide&quot;:false,&quot;slidesSpacing&quot;:0,&quot;imageScalePadding&quot;:0,&quot;numImagesToPreload&quot;:2,&quot;arrowsNav&quot;:true,&quot;arrowsNavAutoHide&quot;:true,&quot;transitionType&quot;:&quot;move&quot;,&quot;transitionSpeed&quot;:250,&quot;block&quot;:{&quot;moveEffect&quot;:&quot;none&quot;,&quot;speed&quot;:300},&quot;thumbs&quot;:{&quot;fitInViewport&quot;:false,&quot;firstMargin&quot;:false,&quot;spacing&quot;:4},&quot;controlNavigation&quot;:&quot;none&quot;,&quot;autoplay&quot;:{&quot;enabled&quot;:true,&quot;pauseOnHover&quot;:true,&quot;delay&quot;:3000},&quot;fullscreen&quot;:{&quot;enabled&quot;:true},&quot;autoScaleSliderWidth&quot;:300,&quot;autoScaleSliderHeight&quot;:225}'><\/div><\/div><\/div><\/div><\/div><div class=\"vc_col-sm-9 wpb_column vc_column_container\"><div class=\"vc_column-inner\"><div class=\"wpb_wrapper\"><div class=\"wpb_text_column\"><div class=\"wpb_wrapper\"><\/p>\n<h5>Rindenmulch<\/h5>\n<p style=\"text-align: left;\" align=\"left\">Er ist gut geeignet zur Unkrautbek\u00e4mpfung, erh\u00e4lt die Bodenfeuchtigkeit und l\u00e4sst Ihren Garten wesentlich sch\u00f6ner erscheinen.<\/p>\n<p>\n<\/div><\/div><\/div><\/div><\/div><\/div><\/div><\/section><section class=\"l-section wpb_row height_medium\"><div class=\"l-section-h i-cf\"><div class=\"g-cols vc_row via_flex valign_top type_default stacking_default\"><div class=\"vc_col-sm-3 wpb_column vc_column_container\"><div class=\"vc_column-inner\"><div class=\"wpb_wrapper\"><div class=\"w-slider style_none fit_scaledown nav_none count_1\"><div class=\"w-slider-h\"><div class=\"royalSlider\"><div class=\"rsContent\"><a class=\"rsImg\" data-rsw=\"300\" data-rsh=\"225\" data-rsBigImg=\"https:\/\/www.kaminholz-wellinghof.de\/wp\/wp-content\/uploads\/2019\/11\/KW-NordmannSchnittgruen.jpg\" ref=\"magnificPopup\" href=\"https:\/\/www.kaminholz-wellinghof.de\/wp\/wp-content\/uploads\/2019\/11\/KW-NordmannSchnittgruen-300x225.jpg\"><span data-alt=\"\"><\/span><\/a><\/div><\/div><img decoding=\"async\" src=\"https:\/\/www.kaminholz-wellinghof.de\/wp\/wp-content\/uploads\/2019\/11\/KW-NordmannSchnittgruen-300x225.jpg\" width=\"300\" height=\"225\" alt loading=\"lazy\"><\/div><div class=\"w-slider-json\" onclick='return {&quot;autoScaleSlider&quot;:true,&quot;addActiveClass&quot;:true,&quot;loop&quot;:true,&quot;fadeInLoadedSlide&quot;:false,&quot;slidesSpacing&quot;:0,&quot;imageScalePadding&quot;:0,&quot;numImagesToPreload&quot;:2,&quot;arrowsNav&quot;:true,&quot;arrowsNavAutoHide&quot;:true,&quot;transitionType&quot;:&quot;move&quot;,&quot;transitionSpeed&quot;:250,&quot;block&quot;:{&quot;moveEffect&quot;:&quot;none&quot;,&quot;speed&quot;:300},&quot;thumbs&quot;:{&quot;fitInViewport&quot;:false,&quot;firstMargin&quot;:false,&quot;spacing&quot;:4},&quot;controlNavigation&quot;:&quot;none&quot;,&quot;autoplay&quot;:{&quot;enabled&quot;:true,&quot;pauseOnHover&quot;:true,&quot;delay&quot;:3000},&quot;fullscreen&quot;:{&quot;enabled&quot;:true},&quot;autoScaleSliderWidth&quot;:300,&quot;autoScaleSliderHeight&quot;:225}'><\/div><\/div><\/div><\/div><\/div><div class=\"vc_col-sm-9 wpb_column vc_column_container\"><div class=\"vc_column-inner\"><div class=\"wpb_wrapper\"><div class=\"wpb_text_column\"><div class=\"wpb_wrapper\"><\/p>\n<h5>Weihnachtsb\u00e4ume<\/h5>\n<p>Weihnachtsb\u00e4ume ab 12. Dezember<\/p>\n<\/div><\/div><\/div><\/div><\/div><\/div><\/div><\/section><section class=\"l-section wpb_row height_medium color_alternate\"><div class=\"l-section-h i-cf\"><div class=\"g-cols vc_row via_flex valign_top type_default stacking_default\"><div class=\"vc_col-sm-3 wpb_column vc_column_container\"><div class=\"vc_column-inner\"><div class=\"wpb_wrapper\"><\/div><\/div><\/div><div class=\"vc_col-sm-9 wpb_column vc_column_container\"><div class=\"vc_column-inner\"><div class=\"wpb_wrapper\"><div class=\"wpb_text_column\"><div class=\"wpb_wrapper\"><\/p>\n<h5 style=\"text-align: left;\">Weidepf\u00e4hle<\/h5>\n<p style=\"text-align: left;\">Ges\u00e4gte und gespaltene Weidepf\u00e4hle<\/p>\n<p>\n<\/div><\/div><\/div><\/div><\/div><\/div><\/div><\/section><section class=\"l-section wpb_row height_medium\"><div class=\"l-section-h i-cf\"><div class=\"g-cols vc_row via_flex valign_top type_default stacking_default\"><div class=\"vc_col-sm-3 wpb_column vc_column_container\"><div class=\"vc_column-inner\"><div class=\"wpb_wrapper\"><div class=\"w-slider style_none fit_scaledown nav_none count_4\"><div class=\"w-slider-h\"><div class=\"royalSlider\"><div class=\"rsContent\"><a class=\"rsImg\" data-rsw=\"300\" data-rsh=\"199\" data-rsBigImg=\"https:\/\/www.kaminholz-wellinghof.de\/wp\/wp-content\/uploads\/2021\/07\/gespann2.jpg\" ref=\"magnificPopup\" href=\"https:\/\/www.kaminholz-wellinghof.de\/wp\/wp-content\/uploads\/2021\/07\/gespann2-300x199.jpg\"><span data-alt=\"\"><\/span><\/a><\/div><div class=\"rsContent\"><a class=\"rsImg\" data-rsw=\"300\" data-rsh=\"154\" data-rsBigImg=\"https:\/\/www.kaminholz-wellinghof.de\/wp\/wp-content\/uploads\/2021\/07\/gespann1.jpg\" ref=\"magnificPopup\" href=\"https:\/\/www.kaminholz-wellinghof.de\/wp\/wp-content\/uploads\/2021\/07\/gespann1-300x154.jpg\"><span data-alt=\"\"><\/span><\/a><\/div><div class=\"rsContent\"><a class=\"rsImg\" data-rsw=\"300\" data-rsh=\"172\" data-rsBigImg=\"https:\/\/www.kaminholz-wellinghof.de\/wp\/wp-content\/uploads\/2021\/07\/anhaengerkl2.jpg\" ref=\"magnificPopup\" href=\"https:\/\/www.kaminholz-wellinghof.de\/wp\/wp-content\/uploads\/2021\/07\/anhaengerkl2-300x172.jpg\"><span data-alt=\"\"><\/span><\/a><\/div><div class=\"rsContent\"><a class=\"rsImg\" data-rsw=\"300\" data-rsh=\"204\" data-rsBigImg=\"https:\/\/www.kaminholz-wellinghof.de\/wp\/wp-content\/uploads\/2021\/07\/anhaengerkl1.jpg\" ref=\"magnificPopup\" href=\"https:\/\/www.kaminholz-wellinghof.de\/wp\/wp-content\/uploads\/2021\/07\/anhaengerkl1-300x204.jpg\"><span data-alt=\"\"><\/span><\/a><\/div><\/div><img decoding=\"async\" src=\"https:\/\/www.kaminholz-wellinghof.de\/wp\/wp-content\/uploads\/2021\/07\/gespann2-300x199.jpg\" width=\"300\" height=\"199\" alt loading=\"lazy\"><\/div><div class=\"w-slider-json\" onclick='return {&quot;autoScaleSlider&quot;:true,&quot;addActiveClass&quot;:true,&quot;loop&quot;:true,&quot;fadeInLoadedSlide&quot;:false,&quot;slidesSpacing&quot;:0,&quot;imageScalePadding&quot;:0,&quot;numImagesToPreload&quot;:2,&quot;arrowsNav&quot;:true,&quot;arrowsNavAutoHide&quot;:true,&quot;transitionType&quot;:&quot;move&quot;,&quot;transitionSpeed&quot;:250,&quot;block&quot;:{&quot;moveEffect&quot;:&quot;none&quot;,&quot;speed&quot;:300},&quot;thumbs&quot;:{&quot;fitInViewport&quot;:false,&quot;firstMargin&quot;:false,&quot;spacing&quot;:4},&quot;controlNavigation&quot;:&quot;none&quot;,&quot;autoplay&quot;:{&quot;enabled&quot;:true,&quot;pauseOnHover&quot;:true,&quot;delay&quot;:3000},&quot;fullscreen&quot;:{&quot;enabled&quot;:true},&quot;autoScaleSliderWidth&quot;:300,&quot;autoScaleSliderHeight&quot;:199}'><\/div><\/div><\/div><\/div><\/div><div class=\"vc_col-sm-9 wpb_column vc_column_container\"><div class=\"vc_column-inner\"><div class=\"wpb_wrapper\"><div class=\"wpb_text_column\"><div class=\"wpb_wrapper\"><\/p>\n<h5 style=\"text-align: left;\">Sonstiges<\/h5>\n<p style=\"text-align: left;\">Demn\u00e4chst verleihen wir unseren Pkw-Anh\u00e4nger, damit Sie sich das Kaminholz selber nach Hause holen k\u00f6nnen. Sie brauchen nur einen Pkw mit Anh\u00e4ngerkupplung.<\/p>\n<p>\n<\/div><\/div><\/div><\/div><\/div><\/div><\/div><\/section>\n","protected":false},"excerpt":{"rendered":"Kaminholz Buche, Eiche und Birke Hier klicken f\u00fcr mehr Infos Anmachholz Wir verpacken die\u00a0 anfallenden Sprei\u00dfel in 60l S\u00e4cke (feines Anmachholz). Zus\u00e4tzlich f\u00fcllen wir etwa fingerdicke, ca. 30cm lange H\u00f6lzer in S\u00e4cke (grobes Anmachholz). Hackkl\u00f6tze Schwedenfackeln Eine Besonderheit f\u00fcr Ihre Gartenparty sind unsere Schwedenfackeln mit einer Brenndauer von ca. 3-6 Stunden, lieferbar in unterschiedlichen Gr\u00f6\u00dfen....","protected":false},"author":1,"featured_media":0,"parent":0,"menu_order":0,"comment_status":"closed","ping_status":"closed","template":"","meta":{"footnotes":""},"class_list":["post-7246","page","type-page","status-publish","hentry"],"_links":{"self":[{"href":"https:\/\/www.kaminholz-wellinghof.de\/wp\/wp-json\/wp\/v2\/pages\/7246","targetHints":{"allow":["GET"]}}],"collection":[{"href":"https:\/\/www.kaminholz-wellinghof.de\/wp\/wp-json\/wp\/v2\/pages"}],"about":[{"href":"https:\/\/www.kaminholz-wellinghof.de\/wp\/wp-json\/wp\/v2\/types\/page"}],"author":[{"embeddable":true,"href":"https:\/\/www.kaminholz-wellinghof.de\/wp\/wp-json\/wp\/v2\/users\/1"}],"replies":[{"embeddable":true,"href":"https:\/\/www.kaminholz-wellinghof.de\/wp\/wp-json\/wp\/v2\/comments?post=7246"}],"version-history":[{"count":48,"href":"https:\/\/www.kaminholz-wellinghof.de\/wp\/wp-json\/wp\/v2\/pages\/7246\/revisions"}],"predecessor-version":[{"id":7628,"href":"https:\/\/www.kaminholz-wellinghof.de\/wp\/wp-json\/wp\/v2\/pages\/7246\/revisions\/7628"}],"wp:attachment":[{"href":"https:\/\/www.kaminholz-wellinghof.de\/wp\/wp-json\/wp\/v2\/media?parent=7246"}],"curies":[{"name":"wp","href":"https:\/\/api.w.org\/{rel}","templated":true}]}}